{"id":3644,"date":"2017-05-24T15:34:13","date_gmt":"2017-05-24T15:34:13","guid":{"rendered":"https:\/\/gaisapp.com\/cosmetic-dentistry\/"},"modified":"2018-11-11T22:12:47","modified_gmt":"2018-11-11T14:12:47","slug":"services-entreprise-japon","status":"publish","type":"page","link":"https:\/\/gaisapp.com\/fr\/services-entreprise-japon\/","title":{"rendered":"Service pros"},"content":{"rendered":"","protected":false},"excerpt":{"rendered":"","protected":false},"author":2,"featured_media":0,"parent":0,"menu_order":0,"comment_status":"closed","ping_status":"closed","template":"","meta":{"footnotes":""},"class_list":["post-3644","page","type-page","status-publish","hentry"],"yoast_head":"<!-- This site is optimized with the Yoast SEO plugin v23.1 - https:\/\/yoast.com\/wordpress\/plugins\/seo\/ -->\n<title>Consulting, cr\u00e9ation d&#039;entreprise, location de bureaux au Japon &#8226; Gaisapp<\/title>\n<meta name=\"description\" content=\"Cr\u00e9er votre entreprise au Japon ? Loger vos salari\u00e9s ? Trouver vos nouveaux bureaux \u00e0 Tokyo ? Autant d&#039;aspects sur lesquels nous pouvons vous aider !\" \/>\n<meta name=\"robots\" content=\"index, follow, max-snippet:-1, max-image-preview:large, max-video-preview:-1\" \/>\n<link rel=\"canonical\" href=\"https:\/\/gaisapp.com\/business-services-japan\/\" \/>\n<meta property=\"og:locale\" content=\"fr_FR\" \/>\n<meta property=\"og:type\" content=\"article\" \/>\n<meta property=\"og:title\" content=\"Consulting, cr\u00e9ation d&#039;entreprise, location de bureaux au Japon &#8226; Gaisapp\" \/>\n<meta property=\"og:description\" content=\"Cr\u00e9er votre entreprise au Japon ? Loger vos salari\u00e9s ? Trouver vos nouveaux bureaux \u00e0 Tokyo ? Autant d&#039;aspects sur lesquels nous pouvons vous aider !\" \/>\n<meta property=\"og:url\" content=\"https:\/\/gaisapp.com\/business-services-japan\/\" \/>\n<meta property=\"og:site_name\" content=\"Gaisapp\" \/>\n<meta property=\"article:publisher\" content=\"https:\/\/www.facebook.com\/Gaisapp-1796890813933364\/\" \/>\n<meta property=\"article:modified_time\" content=\"2018-11-11T14:12:47+00:00\" \/>\n<meta name=\"twitter:card\" content=\"summary_large_image\" \/>\n<meta name=\"twitter:site\" content=\"@gaisapp\" \/>\n<script type=\"application\/ld+json\" class=\"yoast-schema-graph\">{\"@context\":\"https:\/\/schema.org\",\"@graph\":[{\"@type\":\"WebPage\",\"@id\":\"https:\/\/gaisapp.com\/business-services-japan\/\",\"url\":\"https:\/\/gaisapp.com\/business-services-japan\/\",\"name\":\"Consulting, cr\u00e9ation d'entreprise, location de bureaux au Japon &#8226; Gaisapp\",\"isPartOf\":{\"@id\":\"https:\/\/gaisapp.com\/#website\"},\"datePublished\":\"2017-05-24T15:34:13+00:00\",\"dateModified\":\"2018-11-11T14:12:47+00:00\",\"description\":\"Cr\u00e9er votre entreprise au Japon ? Loger vos salari\u00e9s ? Trouver vos nouveaux bureaux \u00e0 Tokyo ? Autant d'aspects sur lesquels nous pouvons vous aider !\",\"breadcrumb\":{\"@id\":\"https:\/\/gaisapp.com\/business-services-japan\/#breadcrumb\"},\"inLanguage\":\"fr-FR\",\"potentialAction\":[{\"@type\":\"ReadAction\",\"target\":[\"https:\/\/gaisapp.com\/business-services-japan\/\"]}]},{\"@type\":\"BreadcrumbList\",\"@id\":\"https:\/\/gaisapp.com\/business-services-japan\/#breadcrumb\",\"itemListElement\":[{\"@type\":\"ListItem\",\"position\":1,\"name\":\"Home\",\"item\":\"https:\/\/gaisapp.com\/fr\/\"},{\"@type\":\"ListItem\",\"position\":2,\"name\":\"Service pros\"}]},{\"@type\":\"WebSite\",\"@id\":\"https:\/\/gaisapp.com\/#website\",\"url\":\"https:\/\/gaisapp.com\/\",\"name\":\"Gaisapp\",\"description\":\"\",\"publisher\":{\"@id\":\"https:\/\/gaisapp.com\/#organization\"},\"potentialAction\":[{\"@type\":\"SearchAction\",\"target\":{\"@type\":\"EntryPoint\",\"urlTemplate\":\"https:\/\/gaisapp.com\/?s={search_term_string}\"},\"query-input\":\"required name=search_term_string\"}],\"inLanguage\":\"fr-FR\"},{\"@type\":\"Organization\",\"@id\":\"https:\/\/gaisapp.com\/#organization\",\"name\":\"Gaisapp\",\"url\":\"https:\/\/gaisapp.com\/\",\"logo\":{\"@type\":\"ImageObject\",\"inLanguage\":\"fr-FR\",\"@id\":\"https:\/\/gaisapp.com\/#\/schema\/logo\/image\/\",\"url\":\"https:\/\/gaisapp.com\/wp-content\/uploads\/2018\/10\/logo-sans-fond.png\",\"contentUrl\":\"https:\/\/gaisapp.com\/wp-content\/uploads\/2018\/10\/logo-sans-fond.png\",\"width\":640,\"height\":640,\"caption\":\"Gaisapp\"},\"image\":{\"@id\":\"https:\/\/gaisapp.com\/#\/schema\/logo\/image\/\"},\"sameAs\":[\"https:\/\/www.facebook.com\/Gaisapp-1796890813933364\/\",\"https:\/\/x.com\/gaisapp\"]}]}<\/script>\n<!-- \/ Yoast SEO plugin. -->","yoast_head_json":{"title":"Consulting, cr\u00e9ation d'entreprise, location de bureaux au Japon &#8226; Gaisapp","description":"Cr\u00e9er votre entreprise au Japon ? Loger vos salari\u00e9s ? Trouver vos nouveaux bureaux \u00e0 Tokyo ? Autant d'aspects sur lesquels nous pouvons vous aider !","robots":{"index":"index","follow":"follow","max-snippet":"max-snippet:-1","max-image-preview":"max-image-preview:large","max-video-preview":"max-video-preview:-1"},"canonical":"https:\/\/gaisapp.com\/business-services-japan\/","og_locale":"fr_FR","og_type":"article","og_title":"Consulting, cr\u00e9ation d'entreprise, location de bureaux au Japon &#8226; Gaisapp","og_description":"Cr\u00e9er votre entreprise au Japon ? Loger vos salari\u00e9s ? Trouver vos nouveaux bureaux \u00e0 Tokyo ? Autant d'aspects sur lesquels nous pouvons vous aider !","og_url":"https:\/\/gaisapp.com\/business-services-japan\/","og_site_name":"Gaisapp","article_publisher":"https:\/\/www.facebook.com\/Gaisapp-1796890813933364\/","article_modified_time":"2018-11-11T14:12:47+00:00","twitter_card":"summary_large_image","twitter_site":"@gaisapp","schema":{"@context":"https:\/\/schema.org","@graph":[{"@type":"WebPage","@id":"https:\/\/gaisapp.com\/business-services-japan\/","url":"https:\/\/gaisapp.com\/business-services-japan\/","name":"Consulting, cr\u00e9ation d'entreprise, location de bureaux au Japon &#8226; Gaisapp","isPartOf":{"@id":"https:\/\/gaisapp.com\/#website"},"datePublished":"2017-05-24T15:34:13+00:00","dateModified":"2018-11-11T14:12:47+00:00","description":"Cr\u00e9er votre entreprise au Japon ? Loger vos salari\u00e9s ? Trouver vos nouveaux bureaux \u00e0 Tokyo ? Autant d'aspects sur lesquels nous pouvons vous aider !","breadcrumb":{"@id":"https:\/\/gaisapp.com\/business-services-japan\/#breadcrumb"},"inLanguage":"fr-FR","potentialAction":[{"@type":"ReadAction","target":["https:\/\/gaisapp.com\/business-services-japan\/"]}]},{"@type":"BreadcrumbList","@id":"https:\/\/gaisapp.com\/business-services-japan\/#breadcrumb","itemListElement":[{"@type":"ListItem","position":1,"name":"Home","item":"https:\/\/gaisapp.com\/fr\/"},{"@type":"ListItem","position":2,"name":"Service pros"}]},{"@type":"WebSite","@id":"https:\/\/gaisapp.com\/#website","url":"https:\/\/gaisapp.com\/","name":"Gaisapp","description":"","publisher":{"@id":"https:\/\/gaisapp.com\/#organization"},"potentialAction":[{"@type":"SearchAction","target":{"@type":"EntryPoint","urlTemplate":"https:\/\/gaisapp.com\/?s={search_term_string}"},"query-input":"required name=search_term_string"}],"inLanguage":"fr-FR"},{"@type":"Organization","@id":"https:\/\/gaisapp.com\/#organization","name":"Gaisapp","url":"https:\/\/gaisapp.com\/","logo":{"@type":"ImageObject","inLanguage":"fr-FR","@id":"https:\/\/gaisapp.com\/#\/schema\/logo\/image\/","url":"https:\/\/gaisapp.com\/wp-content\/uploads\/2018\/10\/logo-sans-fond.png","contentUrl":"https:\/\/gaisapp.com\/wp-content\/uploads\/2018\/10\/logo-sans-fond.png","width":640,"height":640,"caption":"Gaisapp"},"image":{"@id":"https:\/\/gaisapp.com\/#\/schema\/logo\/image\/"},"sameAs":["https:\/\/www.facebook.com\/Gaisapp-1796890813933364\/","https:\/\/x.com\/gaisapp"]}]}},"_links":{"self":[{"href":"https:\/\/gaisapp.com\/fr\/wp-json\/wp\/v2\/pages\/3644"}],"collection":[{"href":"https:\/\/gaisapp.com\/fr\/wp-json\/wp\/v2\/pages"}],"about":[{"href":"https:\/\/gaisapp.com\/fr\/wp-json\/wp\/v2\/types\/page"}],"author":[{"embeddable":true,"href":"https:\/\/gaisapp.com\/fr\/wp-json\/wp\/v2\/users\/2"}],"replies":[{"embeddable":true,"href":"https:\/\/gaisapp.com\/fr\/wp-json\/wp\/v2\/comments?post=3644"}],"version-history":[{"count":6,"href":"https:\/\/gaisapp.com\/fr\/wp-json\/wp\/v2\/pages\/3644\/revisions"}],"predecessor-version":[{"id":4548,"href":"https:\/\/gaisapp.com\/fr\/wp-json\/wp\/v2\/pages\/3644\/revisions\/4548"}],"wp:attachment":[{"href":"https:\/\/gaisapp.com\/fr\/wp-json\/wp\/v2\/media?parent=3644"}],"curies":[{"name":"wp","href":"https:\/\/api.w.org\/{rel}","templated":true}]}}