{"id":4476,"date":"2015-08-24T14:19:22","date_gmt":"2015-08-24T06:19:22","guid":{"rendered":"https:\/\/gaisapp.com\/?page_id=4476"},"modified":"2023-12-30T02:06:27","modified_gmt":"2023-12-29T18:06:27","slug":"accueil","status":"publish","type":"page","link":"https:\/\/gaisapp.com\/fr\/","title":{"rendered":"Accueil"},"content":{"rendered":"","protected":false},"excerpt":{"rendered":"","protected":false},"author":1,"featured_media":0,"parent":0,"menu_order":0,"comment_status":"closed","ping_status":"closed","template":"","meta":{"footnotes":""},"class_list":["post-4476","page","type-page","status-publish","hentry"],"yoast_head":"<!-- This site is optimized with the Yoast SEO plugin v23.1 - https:\/\/yoast.com\/wordpress\/plugins\/seo\/ -->\n<title>Gaisapp &#8226; Assistance logement au Japon et vie quotidienne<\/title>\n<meta name=\"description\" content=\"Gaisapp est une agence de conseil aux particuliers et une agence immobili\u00e8re au Japon. Nous aidons les r\u00e9sidents et futurs r\u00e9sidents au Japon.\" \/>\n<meta name=\"robots\" content=\"index, follow, max-snippet:-1, max-image-preview:large, max-video-preview:-1\" \/>\n<link rel=\"canonical\" href=\"https:\/\/gaisapp.com\/fr\/\" \/>\n<meta property=\"og:locale\" content=\"fr_FR\" \/>\n<meta property=\"og:type\" content=\"article\" \/>\n<meta property=\"og:title\" content=\"Gaisapp &#8226; Assistance logement au Japon et vie quotidienne\" \/>\n<meta property=\"og:description\" content=\"Gaisapp est une agence de conseil aux particuliers et une agence immobili\u00e8re au Japon. Nous aidons les r\u00e9sidents et futurs r\u00e9sidents au Japon.\" \/>\n<meta property=\"og:url\" content=\"https:\/\/gaisapp.com\/fr\/\" \/>\n<meta property=\"og:site_name\" content=\"Gaisapp\" \/>\n<meta property=\"article:publisher\" content=\"https:\/\/www.facebook.com\/Gaisapp-1796890813933364\/\" \/>\n<meta property=\"article:modified_time\" content=\"2023-12-29T18:06:27+00:00\" \/>\n<meta name=\"twitter:card\" content=\"summary_large_image\" \/>\n<meta name=\"twitter:site\" content=\"@gaisapp\" \/>\n<script type=\"application\/ld+json\" class=\"yoast-schema-graph\">{\"@context\":\"https:\/\/schema.org\",\"@graph\":[{\"@type\":\"WebPage\",\"@id\":\"https:\/\/gaisapp.com\/fr\/\",\"url\":\"https:\/\/gaisapp.com\/fr\/\",\"name\":\"Gaisapp &#8226; Assistance logement au Japon et vie quotidienne\",\"isPartOf\":{\"@id\":\"https:\/\/gaisapp.com\/#website\"},\"datePublished\":\"2015-08-24T06:19:22+00:00\",\"dateModified\":\"2023-12-29T18:06:27+00:00\",\"description\":\"Gaisapp est une agence de conseil aux particuliers et une agence immobili\u00e8re au Japon. Nous aidons les r\u00e9sidents et futurs r\u00e9sidents au Japon.\",\"breadcrumb\":{\"@id\":\"https:\/\/gaisapp.com\/fr\/#breadcrumb\"},\"inLanguage\":\"fr-FR\",\"potentialAction\":[{\"@type\":\"ReadAction\",\"target\":[\"https:\/\/gaisapp.com\/fr\/\"]}]},{\"@type\":\"BreadcrumbList\",\"@id\":\"https:\/\/gaisapp.com\/fr\/#breadcrumb\",\"itemListElement\":[{\"@type\":\"ListItem\",\"position\":1,\"name\":\"Home\",\"item\":\"https:\/\/gaisapp.com\/fr\/\"},{\"@type\":\"ListItem\",\"position\":2,\"name\":\"Accueil\"}]},{\"@type\":\"WebSite\",\"@id\":\"https:\/\/gaisapp.com\/#website\",\"url\":\"https:\/\/gaisapp.com\/\",\"name\":\"Gaisapp\",\"description\":\"\",\"publisher\":{\"@id\":\"https:\/\/gaisapp.com\/#organization\"},\"potentialAction\":[{\"@type\":\"SearchAction\",\"target\":{\"@type\":\"EntryPoint\",\"urlTemplate\":\"https:\/\/gaisapp.com\/?s={search_term_string}\"},\"query-input\":\"required name=search_term_string\"}],\"inLanguage\":\"fr-FR\"},{\"@type\":\"Organization\",\"@id\":\"https:\/\/gaisapp.com\/#organization\",\"name\":\"Gaisapp\",\"url\":\"https:\/\/gaisapp.com\/\",\"logo\":{\"@type\":\"ImageObject\",\"inLanguage\":\"fr-FR\",\"@id\":\"https:\/\/gaisapp.com\/#\/schema\/logo\/image\/\",\"url\":\"https:\/\/gaisapp.com\/wp-content\/uploads\/2018\/10\/logo-sans-fond.png\",\"contentUrl\":\"https:\/\/gaisapp.com\/wp-content\/uploads\/2018\/10\/logo-sans-fond.png\",\"width\":640,\"height\":640,\"caption\":\"Gaisapp\"},\"image\":{\"@id\":\"https:\/\/gaisapp.com\/#\/schema\/logo\/image\/\"},\"sameAs\":[\"https:\/\/www.facebook.com\/Gaisapp-1796890813933364\/\",\"https:\/\/x.com\/gaisapp\"]}]}<\/script>\n<!-- \/ Yoast SEO plugin. -->","yoast_head_json":{"title":"Gaisapp &#8226; Assistance logement au Japon et vie quotidienne","description":"Gaisapp est une agence de conseil aux particuliers et une agence immobili\u00e8re au Japon. Nous aidons les r\u00e9sidents et futurs r\u00e9sidents au Japon.","robots":{"index":"index","follow":"follow","max-snippet":"max-snippet:-1","max-image-preview":"max-image-preview:large","max-video-preview":"max-video-preview:-1"},"canonical":"https:\/\/gaisapp.com\/fr\/","og_locale":"fr_FR","og_type":"article","og_title":"Gaisapp &#8226; Assistance logement au Japon et vie quotidienne","og_description":"Gaisapp est une agence de conseil aux particuliers et une agence immobili\u00e8re au Japon. Nous aidons les r\u00e9sidents et futurs r\u00e9sidents au Japon.","og_url":"https:\/\/gaisapp.com\/fr\/","og_site_name":"Gaisapp","article_publisher":"https:\/\/www.facebook.com\/Gaisapp-1796890813933364\/","article_modified_time":"2023-12-29T18:06:27+00:00","twitter_card":"summary_large_image","twitter_site":"@gaisapp","schema":{"@context":"https:\/\/schema.org","@graph":[{"@type":"WebPage","@id":"https:\/\/gaisapp.com\/fr\/","url":"https:\/\/gaisapp.com\/fr\/","name":"Gaisapp &#8226; Assistance logement au Japon et vie quotidienne","isPartOf":{"@id":"https:\/\/gaisapp.com\/#website"},"datePublished":"2015-08-24T06:19:22+00:00","dateModified":"2023-12-29T18:06:27+00:00","description":"Gaisapp est une agence de conseil aux particuliers et une agence immobili\u00e8re au Japon. Nous aidons les r\u00e9sidents et futurs r\u00e9sidents au Japon.","breadcrumb":{"@id":"https:\/\/gaisapp.com\/fr\/#breadcrumb"},"inLanguage":"fr-FR","potentialAction":[{"@type":"ReadAction","target":["https:\/\/gaisapp.com\/fr\/"]}]},{"@type":"BreadcrumbList","@id":"https:\/\/gaisapp.com\/fr\/#breadcrumb","itemListElement":[{"@type":"ListItem","position":1,"name":"Home","item":"https:\/\/gaisapp.com\/fr\/"},{"@type":"ListItem","position":2,"name":"Accueil"}]},{"@type":"WebSite","@id":"https:\/\/gaisapp.com\/#website","url":"https:\/\/gaisapp.com\/","name":"Gaisapp","description":"","publisher":{"@id":"https:\/\/gaisapp.com\/#organization"},"potentialAction":[{"@type":"SearchAction","target":{"@type":"EntryPoint","urlTemplate":"https:\/\/gaisapp.com\/?s={search_term_string}"},"query-input":"required name=search_term_string"}],"inLanguage":"fr-FR"},{"@type":"Organization","@id":"https:\/\/gaisapp.com\/#organization","name":"Gaisapp","url":"https:\/\/gaisapp.com\/","logo":{"@type":"ImageObject","inLanguage":"fr-FR","@id":"https:\/\/gaisapp.com\/#\/schema\/logo\/image\/","url":"https:\/\/gaisapp.com\/wp-content\/uploads\/2018\/10\/logo-sans-fond.png","contentUrl":"https:\/\/gaisapp.com\/wp-content\/uploads\/2018\/10\/logo-sans-fond.png","width":640,"height":640,"caption":"Gaisapp"},"image":{"@id":"https:\/\/gaisapp.com\/#\/schema\/logo\/image\/"},"sameAs":["https:\/\/www.facebook.com\/Gaisapp-1796890813933364\/","https:\/\/x.com\/gaisapp"]}]}},"_links":{"self":[{"href":"https:\/\/gaisapp.com\/fr\/wp-json\/wp\/v2\/pages\/4476"}],"collection":[{"href":"https:\/\/gaisapp.com\/fr\/wp-json\/wp\/v2\/pages"}],"about":[{"href":"https:\/\/gaisapp.com\/fr\/wp-json\/wp\/v2\/types\/page"}],"author":[{"embeddable":true,"href":"https:\/\/gaisapp.com\/fr\/wp-json\/wp\/v2\/users\/1"}],"replies":[{"embeddable":true,"href":"https:\/\/gaisapp.com\/fr\/wp-json\/wp\/v2\/comments?post=4476"}],"version-history":[{"count":5,"href":"https:\/\/gaisapp.com\/fr\/wp-json\/wp\/v2\/pages\/4476\/revisions"}],"predecessor-version":[{"id":4870,"href":"https:\/\/gaisapp.com\/fr\/wp-json\/wp\/v2\/pages\/4476\/revisions\/4870"}],"wp:attachment":[{"href":"https:\/\/gaisapp.com\/fr\/wp-json\/wp\/v2\/media?parent=4476"}],"curies":[{"name":"wp","href":"https:\/\/api.w.org\/{rel}","templated":true}]}}