{"id":4820,"date":"2019-06-02T19:41:22","date_gmt":"2019-06-02T11:41:22","guid":{"rendered":"https:\/\/gaisapp.com\/?page_id=4820"},"modified":"2023-12-31T17:55:52","modified_gmt":"2023-12-31T09:55:52","slug":"consultation","status":"publish","type":"page","link":"https:\/\/gaisapp.com\/fr\/consultation\/","title":{"rendered":"Demande d&rsquo;informations"},"content":{"rendered":"","protected":false},"excerpt":{"rendered":"","protected":false},"author":1,"featured_media":0,"parent":0,"menu_order":0,"comment_status":"closed","ping_status":"closed","template":"","meta":{"footnotes":""},"class_list":["post-4820","page","type-page","status-publish","hentry"],"yoast_head":"<!-- This site is optimized with the Yoast SEO plugin v23.1 - https:\/\/yoast.com\/wordpress\/plugins\/seo\/ -->\n<title>Demande d&#039;informations de Gaisapp, service d&#039;aide \u00e0 la vie quotidienne au Japon<\/title>\n<meta name=\"description\" content=\"Gaisapp c&#039;est votre agence immobili\u00e8re au Japon, votre interpr\u00e8te, votre conseiller... Nous vous soutenons dans votre vie au Japon. D\u00e9couvrez-nous !\" \/>\n<meta name=\"robots\" content=\"index, follow, max-snippet:-1, max-image-preview:large, max-video-preview:-1\" \/>\n<link rel=\"canonical\" href=\"https:\/\/gaisapp.com\/fr\/consultation\/\" \/>\n<meta property=\"og:locale\" content=\"fr_FR\" \/>\n<meta property=\"og:type\" content=\"article\" \/>\n<meta property=\"og:title\" content=\"Demande d&#039;informations de Gaisapp, service d&#039;aide \u00e0 la vie quotidienne au Japon\" \/>\n<meta property=\"og:description\" content=\"Gaisapp c&#039;est votre agence immobili\u00e8re au Japon, votre interpr\u00e8te, votre conseiller... Nous vous soutenons dans votre vie au Japon. D\u00e9couvrez-nous !\" \/>\n<meta property=\"og:url\" content=\"https:\/\/gaisapp.com\/fr\/consultation\/\" \/>\n<meta property=\"og:site_name\" content=\"Gaisapp\" \/>\n<meta property=\"article:publisher\" content=\"https:\/\/www.facebook.com\/Gaisapp-1796890813933364\/\" \/>\n<meta property=\"article:modified_time\" content=\"2023-12-31T09:55:52+00:00\" \/>\n<meta name=\"twitter:card\" content=\"summary_large_image\" \/>\n<meta name=\"twitter:site\" content=\"@gaisapp\" \/>\n<script type=\"application\/ld+json\" class=\"yoast-schema-graph\">{\"@context\":\"https:\/\/schema.org\",\"@graph\":[{\"@type\":\"WebPage\",\"@id\":\"https:\/\/gaisapp.com\/fr\/consultation\/\",\"url\":\"https:\/\/gaisapp.com\/fr\/consultation\/\",\"name\":\"Demande d'informations de Gaisapp, service d'aide \u00e0 la vie quotidienne au Japon\",\"isPartOf\":{\"@id\":\"https:\/\/gaisapp.com\/#website\"},\"datePublished\":\"2019-06-02T11:41:22+00:00\",\"dateModified\":\"2023-12-31T09:55:52+00:00\",\"description\":\"Gaisapp c'est votre agence immobili\u00e8re au Japon, votre interpr\u00e8te, votre conseiller... Nous vous soutenons dans votre vie au Japon. D\u00e9couvrez-nous !\",\"breadcrumb\":{\"@id\":\"https:\/\/gaisapp.com\/fr\/consultation\/#breadcrumb\"},\"inLanguage\":\"fr-FR\",\"potentialAction\":[{\"@type\":\"ReadAction\",\"target\":[\"https:\/\/gaisapp.com\/fr\/consultation\/\"]}]},{\"@type\":\"BreadcrumbList\",\"@id\":\"https:\/\/gaisapp.com\/fr\/consultation\/#breadcrumb\",\"itemListElement\":[{\"@type\":\"ListItem\",\"position\":1,\"name\":\"Home\",\"item\":\"https:\/\/gaisapp.com\/fr\/\"},{\"@type\":\"ListItem\",\"position\":2,\"name\":\"Demande d&rsquo;informations\"}]},{\"@type\":\"WebSite\",\"@id\":\"https:\/\/gaisapp.com\/#website\",\"url\":\"https:\/\/gaisapp.com\/\",\"name\":\"Gaisapp\",\"description\":\"\",\"publisher\":{\"@id\":\"https:\/\/gaisapp.com\/#organization\"},\"potentialAction\":[{\"@type\":\"SearchAction\",\"target\":{\"@type\":\"EntryPoint\",\"urlTemplate\":\"https:\/\/gaisapp.com\/?s={search_term_string}\"},\"query-input\":\"required name=search_term_string\"}],\"inLanguage\":\"fr-FR\"},{\"@type\":\"Organization\",\"@id\":\"https:\/\/gaisapp.com\/#organization\",\"name\":\"Gaisapp\",\"url\":\"https:\/\/gaisapp.com\/\",\"logo\":{\"@type\":\"ImageObject\",\"inLanguage\":\"fr-FR\",\"@id\":\"https:\/\/gaisapp.com\/#\/schema\/logo\/image\/\",\"url\":\"https:\/\/gaisapp.com\/wp-content\/uploads\/2018\/10\/logo-sans-fond.png\",\"contentUrl\":\"https:\/\/gaisapp.com\/wp-content\/uploads\/2018\/10\/logo-sans-fond.png\",\"width\":640,\"height\":640,\"caption\":\"Gaisapp\"},\"image\":{\"@id\":\"https:\/\/gaisapp.com\/#\/schema\/logo\/image\/\"},\"sameAs\":[\"https:\/\/www.facebook.com\/Gaisapp-1796890813933364\/\",\"https:\/\/x.com\/gaisapp\"]}]}<\/script>\n<!-- \/ Yoast SEO plugin. -->","yoast_head_json":{"title":"Demande d'informations de Gaisapp, service d'aide \u00e0 la vie quotidienne au Japon","description":"Gaisapp c'est votre agence immobili\u00e8re au Japon, votre interpr\u00e8te, votre conseiller... Nous vous soutenons dans votre vie au Japon. D\u00e9couvrez-nous !","robots":{"index":"index","follow":"follow","max-snippet":"max-snippet:-1","max-image-preview":"max-image-preview:large","max-video-preview":"max-video-preview:-1"},"canonical":"https:\/\/gaisapp.com\/fr\/consultation\/","og_locale":"fr_FR","og_type":"article","og_title":"Demande d'informations de Gaisapp, service d'aide \u00e0 la vie quotidienne au Japon","og_description":"Gaisapp c'est votre agence immobili\u00e8re au Japon, votre interpr\u00e8te, votre conseiller... Nous vous soutenons dans votre vie au Japon. D\u00e9couvrez-nous !","og_url":"https:\/\/gaisapp.com\/fr\/consultation\/","og_site_name":"Gaisapp","article_publisher":"https:\/\/www.facebook.com\/Gaisapp-1796890813933364\/","article_modified_time":"2023-12-31T09:55:52+00:00","twitter_card":"summary_large_image","twitter_site":"@gaisapp","schema":{"@context":"https:\/\/schema.org","@graph":[{"@type":"WebPage","@id":"https:\/\/gaisapp.com\/fr\/consultation\/","url":"https:\/\/gaisapp.com\/fr\/consultation\/","name":"Demande d'informations de Gaisapp, service d'aide \u00e0 la vie quotidienne au Japon","isPartOf":{"@id":"https:\/\/gaisapp.com\/#website"},"datePublished":"2019-06-02T11:41:22+00:00","dateModified":"2023-12-31T09:55:52+00:00","description":"Gaisapp c'est votre agence immobili\u00e8re au Japon, votre interpr\u00e8te, votre conseiller... Nous vous soutenons dans votre vie au Japon. D\u00e9couvrez-nous !","breadcrumb":{"@id":"https:\/\/gaisapp.com\/fr\/consultation\/#breadcrumb"},"inLanguage":"fr-FR","potentialAction":[{"@type":"ReadAction","target":["https:\/\/gaisapp.com\/fr\/consultation\/"]}]},{"@type":"BreadcrumbList","@id":"https:\/\/gaisapp.com\/fr\/consultation\/#breadcrumb","itemListElement":[{"@type":"ListItem","position":1,"name":"Home","item":"https:\/\/gaisapp.com\/fr\/"},{"@type":"ListItem","position":2,"name":"Demande d&rsquo;informations"}]},{"@type":"WebSite","@id":"https:\/\/gaisapp.com\/#website","url":"https:\/\/gaisapp.com\/","name":"Gaisapp","description":"","publisher":{"@id":"https:\/\/gaisapp.com\/#organization"},"potentialAction":[{"@type":"SearchAction","target":{"@type":"EntryPoint","urlTemplate":"https:\/\/gaisapp.com\/?s={search_term_string}"},"query-input":"required name=search_term_string"}],"inLanguage":"fr-FR"},{"@type":"Organization","@id":"https:\/\/gaisapp.com\/#organization","name":"Gaisapp","url":"https:\/\/gaisapp.com\/","logo":{"@type":"ImageObject","inLanguage":"fr-FR","@id":"https:\/\/gaisapp.com\/#\/schema\/logo\/image\/","url":"https:\/\/gaisapp.com\/wp-content\/uploads\/2018\/10\/logo-sans-fond.png","contentUrl":"https:\/\/gaisapp.com\/wp-content\/uploads\/2018\/10\/logo-sans-fond.png","width":640,"height":640,"caption":"Gaisapp"},"image":{"@id":"https:\/\/gaisapp.com\/#\/schema\/logo\/image\/"},"sameAs":["https:\/\/www.facebook.com\/Gaisapp-1796890813933364\/","https:\/\/x.com\/gaisapp"]}]}},"_links":{"self":[{"href":"https:\/\/gaisapp.com\/fr\/wp-json\/wp\/v2\/pages\/4820"}],"collection":[{"href":"https:\/\/gaisapp.com\/fr\/wp-json\/wp\/v2\/pages"}],"about":[{"href":"https:\/\/gaisapp.com\/fr\/wp-json\/wp\/v2\/types\/page"}],"author":[{"embeddable":true,"href":"https:\/\/gaisapp.com\/fr\/wp-json\/wp\/v2\/users\/1"}],"replies":[{"embeddable":true,"href":"https:\/\/gaisapp.com\/fr\/wp-json\/wp\/v2\/comments?post=4820"}],"version-history":[{"count":5,"href":"https:\/\/gaisapp.com\/fr\/wp-json\/wp\/v2\/pages\/4820\/revisions"}],"predecessor-version":[{"id":4889,"href":"https:\/\/gaisapp.com\/fr\/wp-json\/wp\/v2\/pages\/4820\/revisions\/4889"}],"wp:attachment":[{"href":"https:\/\/gaisapp.com\/fr\/wp-json\/wp\/v2\/media?parent=4820"}],"curies":[{"name":"wp","href":"https:\/\/api.w.org\/{rel}","templated":true}]}}